{"id":132,"date":"2020-11-05T01:14:29","date_gmt":"2020-11-05T00:14:29","guid":{"rendered":"http:\/\/adicef.com\/?page_id=132"},"modified":"2020-12-19T15:25:17","modified_gmt":"2020-12-19T14:25:17","slug":"objet-de-lassociation-adicef-et-historique","status":"publish","type":"page","link":"https:\/\/adicef.com\/?page_id=132","title":{"rendered":"Qui sommes nous ?"},"content":{"rendered":"\n<h5>UN PEU D&#8217;HISTOIRE<\/h5>\n\n\n\n<p>Issue d&#8217;un groupe informel qui r\u00e9unissait les Directeurs Comptables d&#8217;une dizaine de banques, l&#8217;Association des Directeurs Comptables des \u00e9tablissements de Cr\u00e9dit est le fruit d&#8217;une volont\u00e9 et d&#8217;un besoin :<\/p>\n\n\n\n<ul><li>Volont\u00e9 de rassembler des praticiens de la comptabilit\u00e9 bancaire dans une p\u00e9riode d&#8217;\u00e9volution de la fonction comptable, du d\u00e9claratif r\u00e9glementaire et de la r\u00e9glementation comptable ;<\/li><li>Besoin d&#8217;\u00e9changer, de confronter des positions et de renforcer le r\u00f4le de proposition de la profession en concertation avec les autorit\u00e9s charg\u00e9es de la r\u00e9glementation comptable ou prudentielle.<\/li><\/ul>\n\n\n\n<p>Depuis sa cr\u00e9ation l&#8217;association constitue une force de proposition : ainsi lors de la mise en oeuvre du nouveau plan comptable des \u00e9tablissements de cr\u00e9dit en 1993, \u00e0\u00a0 l&#8217;occasion de la d\u00e9finition des dispositions de place \u00e0\u00a0 prendre pour favoriser le passage \u00e0\u00a0 l&#8217;Euro sur la p\u00e9riode 1999 \u00e0 2002, sur les impacts organisationnels de l&#8217;adoption des IFRS en 2005, puis la conservation de la valorisation mixte en IFRS 9&#8230;<\/p>\n\n\n\n<p>Rappelons que l&#8217;ADICEC cr\u00e9\u00e9e et enregistr\u00e9e \u00e0\u00a0 la Pr\u00e9fecture de Police de Paris le 03 juillet 1986 est devenue ADICECEI \u00e0\u00a0 la Pr\u00e9fecture de Police de Paris le 12 janvier 1998 avec la cr\u00e9ation des entreprises d&#8217;investissement par la loi dite MAAF (1996).<br>Depuis le 2 juin 2015, l&#8217;association est d\u00e9nomm\u00e9e ADICEF &#8211; Association des DIrecteurs Comptables d&#8217; Etablissements Financiers, notion prise au sens g\u00e9n\u00e9rique du terme, comprenant les \u00e9tablissements de cr\u00e9dits, les soci\u00e9t\u00e9s de financement, les entrerpises d&#8217;investissements et les entreprises de service sp\u00e9cialis\u00e9es dans ce domaine. Cette modification, enregistr\u00e9e \u00e0\u00a0 la Pr\u00e9fecture de Paris le 22 septembre 2015 a \u00e9t\u00e9 publi\u00e9e au J.O. le 10 octobre 2015.<\/p>\n\n\n\n<h5>AUJOURD&#8217;HUI<\/h5>\n\n\n\n<p>Avec une centaine de membres, l&#8217;ADICEF regroupe les repr\u00e9sentants des principaux \u00e9tablissements de cr\u00e9dit de la place. Elle compte parmi ses membres des professionnels fortement engag\u00e9s dans les processus d&#8217;\u00e9laboration des r\u00e8gles comptables de l&#8217;IASB intervenant dans les groupes de travail internationaux, europ\u00e9ens et fran\u00e7ais.<\/p>\n\n\n\n<p><strong>L&#8217;ADICEF a pour vocation :<\/strong><\/p>\n\n\n\n<ul><li>de favoriser l&#8217;information de ses membres par l&#8217;organisation d&#8217;\u00e9changes d&#8217;id\u00e9es et d&#8217;exp\u00e9riences ;<\/li><li>d&#8217;\u00e9tudier avec ses membres les probl\u00e8mes comptables, financiers, r\u00e9glementaires et prudentiels \u00e0 caract\u00e8re bancaire ;<\/li><li>de constituer un groupe de r\u00e9flexion de la profession vis-\u00e0\u00a0-vis des autorit\u00e9s de tutelle bancaires et comptables ;<\/li><li>de promouvoir la fonction comptable dans les \u00e9tablissements de cr\u00e9dit ;<\/li><li>de d\u00e9velopper les contacts avec d&#8217;autres associations en France et \u00e0\u00a0 l&#8217;\u00e9tranger ;<\/li><li>d&#8217;organiser des manifestations ayant pour objet de d\u00e9velopper les \u00e9changes avec les diff\u00e9rents partenaires de la profession bancaire .<\/li><\/ul>\n\n\n\n<p>Ainsi l&#8217;Association est-elle amen\u00e9e \u00e0\u00a0 mobiliser ses membres pour participer activement aux travaux conduits par les organismes de normalisation comptable nationale et internationale, particuli\u00e8rement actives actuellement.<\/p>\n\n\n\n<h5>LA CHRONIQUE COMPTABLE DE LA REVUE BANQUE<\/h5>\n\n\n\n<p>Depuis 1994, la revue BANQUE offre dans chacune de ses parutions une tribune \u00e0\u00a0 l&#8217;ADICEF. L&#8217;Association y tient une chronique o\u00f9 sont abord\u00e9es des questions de fond touchant \u00e0\u00a0 la comptabilit\u00e9 dans ses aspects normatifs ou op\u00e9rationnels, \u00e0\u00a0 la r\u00e9glementation bancaire. Le groupe de travail est naturellement \u00e0\u00a0 l&#8217;\u00e9coute des pr\u00e9occupations des membres de l&#8217;ADICEF et accueille volontiers des propositions de th\u00e8mes ou des articles d\u00e9j\u00e0\u00a0 \u00e9labor\u00e9s.<\/p>\n\n\n\n<h5>LE SITE INTERNET de L&#8217;ADICEF<\/h5>\n\n\n\n<p>Le site internet de l&#8217;ADICEF permet sur sa partie publique de s&#8217;informer sur l&#8217;association et de nous contacter pour nous rejoindre ou pour tous sujets susceptibles de concerner les professionnels de l&#8217;information financi\u00e8re bancaire. La partie priv\u00e9e permet notamment aux membres de retrouver l&#8217;annuaire \u00e9lectronique des membres de l&#8217;association mais aussi divers documents tels que les compte-rendus des travaux des commissions et groupes de travail ainsi que les supports des manifestations.<\/p>\n\n\n\n<h5>MANIFESTATIONS ET GROUPES DE CONTACT<\/h5>\n\n\n\n<p>L&#8217;ADICEF organise tout au long de l&#8217;ann\u00e9e des manifestations qui sont l&#8217;occasion, pour les membres, de se r\u00e9unir et de r\u00e9fl\u00e9chir sur un th\u00e8me d&#8217;actualit\u00e9 avec le concours de personnalit\u00e9s du monde bancaire et financier. G\u00e9n\u00e9ralement construites autour d&#8217;un ou plusieurs expos\u00e9s suivis d&#8217;une table ronde et d&#8217;un d\u00e9bat, ces r\u00e9unions constituent des moments privil\u00e9gi\u00e9s de la vie de l&#8217;Association.<\/p>\n\n\n\n<p>En outre, l&#8217;ADICEF propose \u00e0&nbsp; ses membres de participer \u00e0&nbsp; des manifestations organis\u00e9es par d&#8217;autres associations ayant des objectifs similaires et agissant dans des domaines proches de la comptabilit\u00e9, de la banque et de la finance.<\/p>\n","protected":false},"excerpt":{"rendered":"<p>UN PEU D&#8217;HISTOIRE Issue d&#8217;un groupe informel qui r\u00e9unissait les Directeurs Comptables d&#8217;une dizaine de banques, l&#8217;Association des Directeurs Comptables des \u00e9tablissements de Cr\u00e9dit est le fruit d&#8217;une volont\u00e9 et d&#8217;un besoin : Volont\u00e9 de rassembler des praticiens de la comptabilit\u00e9 bancaire dans une p\u00e9riode d&#8217;\u00e9volution de la fonction comptable, du d\u00e9claratif r\u00e9glementaire et de &hellip; <\/p>\n<p class=\"link-more\"><a href=\"https:\/\/adicef.com\/?page_id=132\" class=\"more-link\">Continuer la lecture<span class=\"screen-reader-text\"> de &laquo;&nbsp;Qui sommes nous ?&nbsp;&raquo;<\/span><\/a><\/p>\n","protected":false},"author":3,"featured_media":0,"parent":0,"menu_order":0,"comment_status":"closed","ping_status":"closed","template":"","meta":[],"_links":{"self":[{"href":"https:\/\/adicef.com\/index.php?rest_route=\/wp\/v2\/pages\/132"}],"collection":[{"href":"https:\/\/adicef.com\/index.php?rest_route=\/wp\/v2\/pages"}],"about":[{"href":"https:\/\/adicef.com\/index.php?rest_route=\/wp\/v2\/types\/page"}],"author":[{"embeddable":true,"href":"https:\/\/adicef.com\/index.php?rest_route=\/wp\/v2\/users\/3"}],"replies":[{"embeddable":true,"href":"https:\/\/adicef.com\/index.php?rest_route=%2Fwp%2Fv2%2Fcomments&post=132"}],"version-history":[{"count":4,"href":"https:\/\/adicef.com\/index.php?rest_route=\/wp\/v2\/pages\/132\/revisions"}],"predecessor-version":[{"id":493,"href":"https:\/\/adicef.com\/index.php?rest_route=\/wp\/v2\/pages\/132\/revisions\/493"}],"wp:attachment":[{"href":"https:\/\/adicef.com\/index.php?rest_route=%2Fwp%2Fv2%2Fmedia&parent=132"}],"curies":[{"name":"wp","href":"https:\/\/api.w.org\/{rel}","templated":true}]}}