{"id":133,"date":"2020-11-05T01:14:29","date_gmt":"2020-11-05T00:14:29","guid":{"rendered":"http:\/\/adicef.com\/?page_id=133"},"modified":"2025-04-08T19:00:45","modified_gmt":"2025-04-08T17:00:45","slug":"bureau-conseil-dadministration","status":"publish","type":"page","link":"https:\/\/adicef.com\/?page_id=133","title":{"rendered":"Bureau, Conseil d&#8217;Administration"},"content":{"rendered":"\n<p>Le bureau (mise \u00e0 jour juin 2024)<\/p>\n\n\n\n<p><strong>Richard VINADIER<\/strong>      Pr\u00e9sident                Responsable comptable NATIXIS<\/p>\n\n\n\n<p><strong>Sylvie BRAUN <\/strong>               Vice-Pr\u00e9sidente     Responsable comptable La Banque Postale<\/p>\n\n\n\n<p><strong>Dominique CROST <\/strong>     Tr\u00e9sori\u00e8re                 Directeur comptable BPIFrance<\/p>\n\n\n\n<p><strong>Chantal CHARRERON<\/strong> Tr\u00e9sori\u00e8re adjointe  Retrait\u00e9e &#8211; Ex Directeur comptable BPF<\/p>\n\n\n\n<p>                                               Secr\u00e9taire g\u00e9n\u00e9rale<\/p>\n\n\n\n<p><strong> Philippe MARTINET<\/strong> Secr\u00e9taire g\u00e9n\u00e9ral adjoint   Hanovre Expertises &#8211; <\/p>\n\n\n\n<p>                                              Associ\u00e9 Expert-comptable<\/p>\n\n\n\n<p><strong>Mathieu MANGELINCK<\/strong>  Responsable \u00e9v\u00e8nements &#8211; Directeur comptable Banque Rotschild   Martin Maurel<\/p>\n\n\n\n<p><strong>Sylvie GRILLET<\/strong>  Pr\u00e9sidente honoraire &#8211; Retrait\u00e9e <\/p>\n\n\n\n<p><\/p>\n\n\n\n<p>Autres administrateurs (maj juin 2024):<\/p>\n\n\n\n<figure class=\"wp-block-table is-style-stripes\"><table><tbody><tr><td><\/td><td><strong>Vincent LENAIN<\/strong>                                <\/td><td>Administrateur<\/td><td>Responsable normes comptables Cr\u00e9dit Agricole SA<\/td><td><\/td><\/tr><tr><td><\/td><td><\/td><td><\/td><td><\/td><td><\/td><\/tr><tr><td><\/td><td><strong>Ali JEMAL<\/strong><\/td><td>&nbsp;Administrateur&nbsp;&nbsp;<\/td><td>Finance \/ Head of Standards &amp; Controls BNP PARIBAS<\/td><td><\/td><\/tr><tr><td><\/td><td><strong>Jean-Marc GIRARD<\/strong><\/td><td>Administrateur<\/td><td>Directeur comptable Caisse des D\u00e9p\u00f4ts et Consignations<\/td><td><\/td><\/tr><tr><td><\/td><td><strong>Karine RETBY<\/strong><\/td><td>Administrateur<\/td><td>Responsable Normes&nbsp;et Consolidation Conf\u00e9d\u00e9ration Nationale du Cr\u00e9dit Mutuel<\/td><td><\/td><\/tr><tr><td><\/td><td><strong>Pierre-Henri DAMOTTE<\/strong><\/td><td>Administrateur<\/td><td>Head of Accounting Public Affairs SOCIETE GENERALE<\/td><td><\/td><\/tr><tr><td><\/td><td><\/td><td>Administrateur<\/td><td>\u00a0\u00a0\u00a0\u00a0\u00a0\u00a0\u00a0\u00a0<\/td><td><\/td><\/tr><tr><td><\/td><td><\/td><td>Administrateur<\/td><td><\/td><td><\/td><\/tr><\/tbody><\/table><\/figure>\n\n\n\n<p><\/p>\n\n\n\n<p><\/p>\n","protected":false},"excerpt":{"rendered":"<p>Le bureau (mise \u00e0 jour juin 2024) Richard VINADIER Pr\u00e9sident Responsable comptable NATIXIS Sylvie BRAUN Vice-Pr\u00e9sidente Responsable comptable La Banque Postale Dominique CROST Tr\u00e9sori\u00e8re Directeur comptable BPIFrance Chantal CHARRERON Tr\u00e9sori\u00e8re adjointe Retrait\u00e9e &#8211; Ex Directeur comptable BPF Secr\u00e9taire g\u00e9n\u00e9rale Philippe MARTINET Secr\u00e9taire g\u00e9n\u00e9ral adjoint Hanovre Expertises &#8211; Associ\u00e9 Expert-comptable Mathieu MANGELINCK Responsable \u00e9v\u00e8nements &#8211; Directeur &hellip; <\/p>\n<p class=\"link-more\"><a href=\"https:\/\/adicef.com\/?page_id=133\" class=\"more-link\">Continuer la lecture<span class=\"screen-reader-text\"> de &laquo;&nbsp;Bureau, Conseil d&#8217;Administration&nbsp;&raquo;<\/span><\/a><\/p>\n","protected":false},"author":3,"featured_media":0,"parent":0,"menu_order":0,"comment_status":"closed","ping_status":"closed","template":"","meta":[],"_links":{"self":[{"href":"https:\/\/adicef.com\/index.php?rest_route=\/wp\/v2\/pages\/133"}],"collection":[{"href":"https:\/\/adicef.com\/index.php?rest_route=\/wp\/v2\/pages"}],"about":[{"href":"https:\/\/adicef.com\/index.php?rest_route=\/wp\/v2\/types\/page"}],"author":[{"embeddable":true,"href":"https:\/\/adicef.com\/index.php?rest_route=\/wp\/v2\/users\/3"}],"replies":[{"embeddable":true,"href":"https:\/\/adicef.com\/index.php?rest_route=%2Fwp%2Fv2%2Fcomments&post=133"}],"version-history":[{"count":12,"href":"https:\/\/adicef.com\/index.php?rest_route=\/wp\/v2\/pages\/133\/revisions"}],"predecessor-version":[{"id":792,"href":"https:\/\/adicef.com\/index.php?rest_route=\/wp\/v2\/pages\/133\/revisions\/792"}],"wp:attachment":[{"href":"https:\/\/adicef.com\/index.php?rest_route=%2Fwp%2Fv2%2Fmedia&parent=133"}],"curies":[{"name":"wp","href":"https:\/\/api.w.org\/{rel}","templated":true}]}}