{"id":214,"date":"2020-11-05T15:18:33","date_gmt":"2020-11-05T14:18:33","guid":{"rendered":"http:\/\/adicef.com\/?page_id=214"},"modified":"2020-11-26T12:16:57","modified_gmt":"2020-11-26T11:16:57","slug":"presse-financiere","status":"publish","type":"page","link":"https:\/\/adicef.com\/?page_id=214","title":{"rendered":"Livres"},"content":{"rendered":"\n<h3><strong>Ouvrages r\u00e9dig\u00e9s par des membres ADICEF<\/strong><\/h3>\n\n\n\n<p><strong>Introduction \u00e0&nbsp; la comptabilit\u00e9 bancaire &#8211; 3\u00e8me \u00e9dition<\/strong><br><strong>Mich\u00e8le Formagne<\/strong><br>Collection &#8220;Les essentiels de la banque&#8221;<br>Revue Banque Editeur &#8211; 2018<br>T\u00e9l\u00e9chargez le<a rel=\"noreferrer noopener\" href=\"https:\/\/asso-adicef.fr\/docs\/files\/Ouvrages\/PRESENTATIONINTROCOMPTABANCAIRE.docx\" target=\"_blank\">&nbsp;r\u00e9sum\u00e9<\/a>&nbsp;(format Word)<\/p>\n\n\n\n<p><strong>Le bilan d&#8217;une banque &#8211; 2\u00e8me \u00e9dition en cours de r\u00e9\u00e9dition<\/strong><br><strong>Chantal Charr\u00e9ron-Mich\u00e8le Formagne-Sylvie Grillet<\/strong><br>Hors collection<br>Revue Banque Editeur &#8211; 2015<br>T\u00e9l\u00e9chargez le\u00a0<a href=\"https:\/\/asso-adicef.fr\/docs\/files\/Ouvrages\/Pr%C3%A9sentationBilanbanque.docx\">r\u00e9sum\u00e9\u00a0<\/a>(format Word)<\/p>\n\n\n\n<h3><strong>Autres ouvrages de la Revue Banque<\/strong><\/h3>\n\n\n\n<p><strong>Retrouvez tous les ouvrages de la revue banque&nbsp;:&nbsp;<a href=\"https:\/\/www.revue-banque.fr\/edition\" target=\"_blank\" rel=\"noreferrer noopener\">cliquez ici<\/a><\/strong><\/p>\n\n\n\n<p><strong>Titrisation<\/strong><br><strong>Jean-Michel Beacco &#8211; Beno\u00e0\u00aet Hubaud<\/strong><br>Hors collection<br>Revue Banque Editeur &#8211; 2013<br>R\u00e9sum\u00e9 : La titrisation est une technique financi\u00e8re qui transforme un financement classique en titres de march\u00e9 plac\u00e9s aupr\u00e8s d&#8217;investisseurs. Elle permet aux banques de se refinancer et aux entreprises d&#8217;am\u00e9liorer leur liquidit\u00e9. Ce m\u00e9canisme de financement d\u00e9sinterm\u00e9di\u00e9 n&#8217;est ni dangereux ni toxique &#8230;<\/p>\n\n\n\n<p><strong>Contr\u00f4le de gestion bancaire &amp; direction financi\u00e8re<br>Michel Rouach &#8211; G\u00e9rard Naulleau<\/strong><br>Hors collection<br>Revue Banque Editeur &#8211;&nbsp;2012<br>R\u00e9sum\u00e9 : Le contr\u00f4le de gestion est devenu essentiel pour les d\u00e9cideurs des \u00e9tablissements bancaires et financiers.La sixi\u00e8me \u00e9dition a \u00e9t\u00e9 l&#8217;occasion d&#8217;ajouts significatifs afin de tenir compte des derniers d\u00e9veloppements du secteur bancaire : les modifications de l&#8217;environnement sectoriel et &#8230;<\/p>\n\n\n\n<p><strong>Le contr\u00f4le comptable bancaire. Un dispositif de ma\u00eetrise des risques<br>Jean-Luc Siruguet<\/strong><br>Collection comptabilit\u00e9 et contr\u00f4le<br>Revue Banque Editeur &#8211;&nbsp;2007<br>R\u00e9sum\u00e9 : Pr\u00e9face de Patrice Josnin, pr\u00e9sident du Groupe professionnel banque de l&#8217;IFACIPr\u00e9cise la r\u00e9glementation fran\u00e7aise et internationale en mati\u00e8re de contr\u00f4le comptable bancaire, le pourquoi de ces r\u00e9glementations, les concepts de contr\u00f4le interne issus d&#8217;organismes tels que le COSO (Commitee of &#8230;<\/p>\n\n\n\n<p><strong>Le cadre \u00e9conomique et r\u00e9glementaire du cr\u00e9dit-bail<\/strong>\u00a0&#8211; Tome 1<br><strong>Le cr\u00e9dit-bail : outil de financement structurel et d&#8217;ingenierie commerciale<\/strong>\u00a0&#8211; Tome 2<br><strong>Eric Garrido<\/strong><br>Collection &#8220;Les essentiels de la banque&#8221;<br>Revue Banque Editeur &#8211; 2002<br>T\u00e9l\u00e9chargez le\u00a0<a href=\"https:\/\/adicecei.fr\/docs\/files\/garrido.doc\">r\u00e9sum\u00e9<\/a>\u00a0(format Word)<\/p>\n\n\n\n<h3><strong>Liste des nombreux ouvrages publi\u00e9s par AFGES<\/strong><\/h3>\n\n\n\n<p><strong>Voir :&nbsp;<\/strong><a rel=\"noreferrer noopener\" href=\"https:\/\/www.afges.com\/publications\/\" target=\"_blank\">https:\/\/www.afges.com\/publications\/<\/a><\/p>\n","protected":false},"excerpt":{"rendered":"<p>Ouvrages r\u00e9dig\u00e9s par des membres ADICEF Introduction \u00e0&nbsp; la comptabilit\u00e9 bancaire &#8211; 3\u00e8me \u00e9ditionMich\u00e8le FormagneCollection &#8220;Les essentiels de la banque&#8221;Revue Banque Editeur &#8211; 2018T\u00e9l\u00e9chargez le&nbsp;r\u00e9sum\u00e9&nbsp;(format Word) Le bilan d&#8217;une banque &#8211; 2\u00e8me \u00e9dition en cours de r\u00e9\u00e9ditionChantal Charr\u00e9ron-Mich\u00e8le Formagne-Sylvie GrilletHors collectionRevue Banque Editeur &#8211; 2015T\u00e9l\u00e9chargez le\u00a0r\u00e9sum\u00e9\u00a0(format Word) Autres ouvrages de la Revue Banque Retrouvez tous &hellip; <\/p>\n<p class=\"link-more\"><a href=\"https:\/\/adicef.com\/?page_id=214\" class=\"more-link\">Continuer la lecture<span class=\"screen-reader-text\"> de &laquo;&nbsp;Livres&nbsp;&raquo;<\/span><\/a><\/p>\n","protected":false},"author":3,"featured_media":0,"parent":0,"menu_order":0,"comment_status":"closed","ping_status":"closed","template":"","meta":[],"_links":{"self":[{"href":"https:\/\/adicef.com\/index.php?rest_route=\/wp\/v2\/pages\/214"}],"collection":[{"href":"https:\/\/adicef.com\/index.php?rest_route=\/wp\/v2\/pages"}],"about":[{"href":"https:\/\/adicef.com\/index.php?rest_route=\/wp\/v2\/types\/page"}],"author":[{"embeddable":true,"href":"https:\/\/adicef.com\/index.php?rest_route=\/wp\/v2\/users\/3"}],"replies":[{"embeddable":true,"href":"https:\/\/adicef.com\/index.php?rest_route=%2Fwp%2Fv2%2Fcomments&post=214"}],"version-history":[{"count":7,"href":"https:\/\/adicef.com\/index.php?rest_route=\/wp\/v2\/pages\/214\/revisions"}],"predecessor-version":[{"id":446,"href":"https:\/\/adicef.com\/index.php?rest_route=\/wp\/v2\/pages\/214\/revisions\/446"}],"wp:attachment":[{"href":"https:\/\/adicef.com\/index.php?rest_route=%2Fwp%2Fv2%2Fmedia&parent=214"}],"curies":[{"name":"wp","href":"https:\/\/api.w.org\/{rel}","templated":true}]}}