{"id":215,"date":"2020-11-05T15:18:34","date_gmt":"2020-11-05T14:18:34","guid":{"rendered":"http:\/\/adicef.com\/?page_id=215"},"modified":"2020-11-05T15:31:35","modified_gmt":"2020-11-05T14:31:35","slug":"livres","status":"publish","type":"page","link":"https:\/\/adicef.com\/?page_id=215","title":{"rendered":"Presse Financi\u00e8re et \u00e9conomique"},"content":{"rendered":"\n<figure class=\"wp-block-table is-style-stripes\"><table><tbody><tr><td><\/td><td><a href=\"https:\/\/www.grouperf.com\/\" target=\"_blank\" rel=\"noreferrer noopener\">La revue Fiduciaire<\/a><\/td><td><strong>Site tr\u00e8s informatif et complet<\/strong>&nbsp;: 6 domaines (le fiduciaire, le social, la paye, le comptable, le conseil, le priv\u00e9). Dans chacun des domaine, on trouve l&#8217;actualit\u00e9 hebdomadaire, les infos du jour, les infos provenant du web, des outils pratiques (chiffres utiles et rep\u00e8res&#8230;)<br>Site gratuit qui vend aussi des ouvrages dans ces diff\u00e9rents domaines.<br>&nbsp;<\/td><td><\/td><\/tr><tr><td><\/td><td><a href=\"https:\/\/www.latribune.fr\/\" target=\"_blank\" rel=\"noreferrer noopener\">La Tribune<\/a><\/td><td><strong>Journal on line<\/strong>&nbsp;qui n\u00e9cessite de s&#8217;abonner pour acc\u00e9der aux articles.<br>&nbsp;<\/td><td><\/td><\/tr><tr><td><\/td><td><a href=\"https:\/\/www.lamy.fr\/\" target=\"_blank\" rel=\"noreferrer noopener\">\u00e9dition juridique Lamy<\/a><\/td><td><strong>Vitrine commerciale des \u00e9ditions<\/strong>&nbsp;o\u00e0\u00b9 sont propos\u00e9s des formations, des catalogues dans divers domaines&nbsp;: fiscal, social, juridique&nbsp;\u20ac\u00a6<br>&nbsp;<\/td><td><\/td><\/tr><tr><td><\/td><td><a href=\"https:\/\/www.decideur.com\/\" target=\"_blank\" rel=\"noreferrer noopener\">Le d\u00e9cideur<\/a><\/td><td><strong>Informations pour les &nbsp;\u00ab&nbsp;d\u00e9cideurs&nbsp;&nbsp;\u00bb d&#8217;entreprises<\/strong>.<br>&nbsp;<\/td><td><\/td><\/tr><tr><td><\/td><td><a href=\"https:\/\/www.lesechos.fr\/\" target=\"_blank\" rel=\"noreferrer noopener\">Les Echos<\/a><\/td><td><strong>Journal d&#8217;information financi\u00e8re<\/strong>&nbsp;qui n\u00e9cessite un abonnement pour lire les articles int\u00e9gralement. Cependant, acc\u00e8s gratuit aux informations des march\u00e9s financiers.<br>&nbsp;<\/td><td><\/td><\/tr><tr><td><\/td><td><a href=\"https:\/\/www.lexpansion.com\/\" target=\"_blank\" rel=\"noreferrer noopener\">L&#8217;Expansion<\/a><\/td><td><strong>Site du magazine<\/strong>&nbsp;qui conserve les articles des magasines ult\u00e9rieurs&nbsp;. Bien s\u00e0\u00bbr, tout n&#8217;est pas accessible gratuitement&nbsp;!<br>&nbsp;<\/td><td><\/td><\/tr><tr><td><\/td><td><a href=\"https:\/\/www.revue-banque.fr\/main\/main.asp\" target=\"_blank\" rel=\"noreferrer noopener\">RevueBanque<\/a><\/td><td><strong>Acc\u00e8s \u00e0&nbsp; l&#8217;actualit\u00e9 bancaire<\/strong>&nbsp;et lien vers le site Monster d\u00e9di\u00e9 \u00e0&nbsp; la finance\/banque\/assurance. Pour le reste un abonnement est n\u00e9cessaire.<br>&nbsp;<\/td><td><\/td><\/tr><tr><td><\/td><td><a href=\"https:\/\/www.lentreprise.com\/\" target=\"_blank\" rel=\"noreferrer noopener\">L&#8217;Entreprise<\/a><\/td><td><strong>Actualit\u00e9 des entreprises<\/strong>&nbsp;trait\u00e9e par grandes fonctions de l&#8217;entreprise (finance, marketing, RH..).<br>&nbsp;<\/td><td><\/td><\/tr><tr><td><\/td><td><a href=\"https:\/\/www.courrierint.com\/\" target=\"_blank\" rel=\"noreferrer noopener\">Courrier International<\/a><\/td><td><strong>L&#8217;actualit\u00e9 de l&#8217;international<\/strong>&nbsp;par s\u00e9lections d&#8217;articles de sources journalistiques diverses. Les archives sont en acc\u00e8s libre.<br>&nbsp;<\/td><td><\/td><\/tr><tr><td><\/td><td><a href=\"https:\/\/www.agefi.fr\/\" target=\"_blank\" rel=\"noreferrer noopener\">Agefi<\/a><\/td><td><strong>Quotidien pour les professionnels de la finance<\/strong>&nbsp;: Il faut un code&nbsp;payant pour les articles du jour et les archives ! Cependant des infos gratuites avec la rubrique Agefi Live, une s\u00e9lection quotidienne de br\u00e8ves \u00e9conomiques et financi\u00e8res.<br>&nbsp;<\/td><td><\/td><\/tr><tr><td><\/td><td><a href=\"https:\/\/finance.lemonde.fr\/\" target=\"_blank\" rel=\"noreferrer noopener\">Le Monde &#8211; Finance<\/a><\/td><td><strong>Partie financi\u00e8re (cotations) du journal Le Monde<\/strong>&nbsp;avec des liens vers les th\u00e8mes g\u00e9n\u00e9raux et acc\u00e8s aux articles.<br>&nbsp;<\/td><td><\/td><\/tr><tr><td><\/td><td><a href=\"https:\/\/www.alternatives-economiques.fr\/index.html\" target=\"_blank\" rel=\"noreferrer noopener\">Alternatives Economiques<\/a><\/td><td><strong>Etudes \u00e9conomiques<\/strong>&nbsp;parues sous formes d&#8217;articles. Seuls les titres des articles sont disponibles par moteur de recherche. Il faut donc s&#8217;abonner pour avoir acc\u00e8s \u00e0&nbsp; tout le contenu.<br>&nbsp;<\/td><td><\/td><\/tr><tr><td><\/td><td><a href=\"https:\/\/interactive.wsj.com\/home.html\" target=\"_blank\" rel=\"noreferrer noopener\">The Wall Street Journal<\/a><\/td><td><strong>Les gros titres et leur r\u00e9sum\u00e9<\/strong>&nbsp;sont disponibles mais un code d&#8217;acc\u00e8s est n\u00e9cessaire pour lire l&#8217;int\u00e9gralit\u00e9 des articles.<br>&nbsp;<\/td><td><\/td><\/tr><tr><td><\/td><td><a href=\"https:\/\/www.cnnfn.com\/\" target=\"_blank\" rel=\"noreferrer noopener\">CNN &nbsp;\u20ac\u201c informations financi\u00e8res<\/a><\/td><td><strong>Les gros titres et leur r\u00e9sum\u00e9<\/strong>&nbsp;sont disponibles mais un code d&#8217;acc\u00e8s est n\u00e9cessaire pour lire l&#8217;int\u00e9gralit\u00e9 des articles.<br>&nbsp;<\/td><td><\/td><\/tr><tr><td><\/td><td><a href=\"https:\/\/www.cfonet.com\/\" target=\"_blank\" rel=\"noreferrer noopener\">Cfo<\/a><\/td><td><strong>Des articles vari\u00e9s dans le domaine financier<\/strong>. Ce site se veut \u00eatre un outil et une source d&#8217;information pour les dirigeants financiers.<br>&nbsp;<\/td><td><\/td><\/tr><tr><td><\/td><td><a href=\"https:\/\/www.iht.com\/\">Herald Tribune<\/a><\/td><td>Site tr\u00e8s convivial&nbsp;: cliquez sur la planisph\u00e8re et&nbsp;<strong>acc\u00e9dez aux news de chaque continent<\/strong>&nbsp;et \u00e0&nbsp; la m\u00e9t\u00e9o. Les articles sont disponibles avec une navigation pratique.<br>&nbsp;<\/td><td><\/td><\/tr><tr><td><\/td><td><a href=\"https:\/\/news.ft.com\/home\/uk\" target=\"_blank\" rel=\"noreferrer noopener\">Financial Times<\/a><\/td><td><strong>Journal britannique d&#8217;actualit\u00e9 financi\u00e8re<\/strong>&nbsp;(articles disponibles).<br>&nbsp;<\/td><td><\/td><\/tr><tr><td><\/td><td><a href=\"https:\/\/www.bloomberg.com\/fra\/index.html\" target=\"_blank\" rel=\"noreferrer noopener\">Bloomberg<\/a><\/td><td><strong>Site boursier des diff\u00e9rents marches<\/strong>&nbsp;et places financi\u00e8res (graphiques, cotations&nbsp;\u20ac\u00a6).<br>&nbsp;<\/td><td><\/td><\/tr><tr><td><\/td><td><a href=\"https:\/\/www.afp.com\/francais\/links\/?cat=links\" target=\"_blank\" rel=\"noreferrer noopener\">AFP<\/a><\/td><td><strong>Liens vers d&#8217;autres m\u00e9dias<\/strong>&nbsp;de diff\u00e9rents pays et d&#8217;autres sources fran\u00e7aises.<\/td><td><\/td><\/tr><\/tbody><\/table><\/figure>\n","protected":false},"excerpt":{"rendered":"<p>La revue Fiduciaire Site tr\u00e8s informatif et complet&nbsp;: 6 domaines (le fiduciaire, le social, la paye, le comptable, le conseil, le priv\u00e9). Dans chacun des domaine, on trouve l&#8217;actualit\u00e9 hebdomadaire, les infos du jour, les infos provenant du web, des outils pratiques (chiffres utiles et rep\u00e8res&#8230;)Site gratuit qui vend aussi des ouvrages dans ces diff\u00e9rents &hellip; <\/p>\n<p class=\"link-more\"><a href=\"https:\/\/adicef.com\/?page_id=215\" class=\"more-link\">Continuer la lecture<span class=\"screen-reader-text\"> de &laquo;&nbsp;Presse Financi\u00e8re et \u00e9conomique&nbsp;&raquo;<\/span><\/a><\/p>\n","protected":false},"author":3,"featured_media":0,"parent":0,"menu_order":0,"comment_status":"closed","ping_status":"closed","template":"","meta":[],"_links":{"self":[{"href":"https:\/\/adicef.com\/index.php?rest_route=\/wp\/v2\/pages\/215"}],"collection":[{"href":"https:\/\/adicef.com\/index.php?rest_route=\/wp\/v2\/pages"}],"about":[{"href":"https:\/\/adicef.com\/index.php?rest_route=\/wp\/v2\/types\/page"}],"author":[{"embeddable":true,"href":"https:\/\/adicef.com\/index.php?rest_route=\/wp\/v2\/users\/3"}],"replies":[{"embeddable":true,"href":"https:\/\/adicef.com\/index.php?rest_route=%2Fwp%2Fv2%2Fcomments&post=215"}],"version-history":[{"count":3,"href":"https:\/\/adicef.com\/index.php?rest_route=\/wp\/v2\/pages\/215\/revisions"}],"predecessor-version":[{"id":241,"href":"https:\/\/adicef.com\/index.php?rest_route=\/wp\/v2\/pages\/215\/revisions\/241"}],"wp:attachment":[{"href":"https:\/\/adicef.com\/index.php?rest_route=%2Fwp%2Fv2%2Fmedia&parent=215"}],"curies":[{"name":"wp","href":"https:\/\/api.w.org\/{rel}","templated":true}]}}