{"id":217,"date":"2020-11-05T15:18:34","date_gmt":"2020-11-05T14:18:34","guid":{"rendered":"http:\/\/adicef.com\/?page_id=217"},"modified":"2020-12-19T16:21:57","modified_gmt":"2020-12-19T15:21:57","slug":"liens-web-utiles","status":"publish","type":"page","link":"https:\/\/adicef.com\/?page_id=217","title":{"rendered":"Liens Web utiles"},"content":{"rendered":"\n<p><strong>AFGES &#8211; formation bancaire :\u00a0<\/strong><a rel=\"noreferrer noopener\" href=\"https:\/\/www.afges.com\/\" target=\"_blank\">https:\/\/www.afges.com\/<\/a><strong><br><br>Europan Banking Authority :<\/strong>\u00a0\u00a0<a rel=\"noreferrer noopener\" href=\"https:\/\/www.eba.europa.eu\/\" target=\"_blank\">https:\/\/www.eba.europa.eu\/<\/a><br><br><strong>Autorit\u00e9 des Normes Comptables :<\/strong>\u00a0<a rel=\"noreferrer noopener\" href=\"http:\/\/www.anc.gouv.fr\/cms\/sites\/anc\/accueil.html\" target=\"_blank\">https:\/\/www.anc.gouv.fr\/cms\/sites\/anc\/accueil.html<\/a><br><br><strong>IASB \/ IFRS :<\/strong>\u00a0\u00a0<a rel=\"noreferrer noopener\" href=\"https:\/\/www.ifrs.org\/Pages\/default.aspx\" target=\"_blank\">https:\/\/www.ifrs.org\/Pages\/default.aspx<\/a><br><br><strong>Compagnie Nationale des Commissaires aux Comptes :<\/strong>\u00a0<a rel=\"noreferrer noopener\" href=\"https:\/\/www.cncc.fr\/\" target=\"_blank\">https:\/\/www.cncc.fr\/<\/a><br><br><strong>Conseil sup\u00e9rieur des experts comptables :<\/strong>\u00a0<a rel=\"noreferrer noopener\" href=\"https:\/\/www.experts-comptables.fr\/\" target=\"_blank\">https:\/\/www.experts-comptables.fr\/<\/a><br><br><strong>Commission europ\u00e9enne, supervision financi\u00e8re :<\/strong>\u00a0<a rel=\"noreferrer noopener\" href=\"https:\/\/ec.europa.eu\/finance\/general-policy\/committees\/index_fr.htm\" target=\"_blank\">https:\/\/ec.europa.eu\/finance\/general-policy\/committees\/index_fr.htm<\/a><br><br><strong>Banque Centrale europ\u00e9enne :<\/strong>\u00a0<a rel=\"noreferrer noopener\" href=\"https:\/\/www.ecb.europa.eu\/ecb\/html\/index.fr.html\" target=\"_blank\">https:\/\/www.ecb.europa.eu\/ecb\/html\/index.fr.html<\/a><\/p>\n\n\n\n<p class=\"has-text-align-left\"><strong>Revue Banque\u00a0<\/strong>:\u00a0<a rel=\"noreferrer noopener\" href=\"http:\/\/www.revue-banque.fr\/\" target=\"_blank\">https:\/\/www.revue-banque.fr\/<\/a><\/p>\n\n\n\n<p><strong>F\u00e9d\u00e9ration Bancaire Fran\u00e7aise<\/strong> : <a href=\"http:\/\/fbf.fr\/\">http:\/\/fbf.fr\/<\/a><\/p>\n","protected":false},"excerpt":{"rendered":"<p>AFGES &#8211; formation bancaire :\u00a0https:\/\/www.afges.com\/ Europan Banking Authority :\u00a0\u00a0https:\/\/www.eba.europa.eu\/ Autorit\u00e9 des Normes Comptables :\u00a0https:\/\/www.anc.gouv.fr\/cms\/sites\/anc\/accueil.html IASB \/ IFRS :\u00a0\u00a0https:\/\/www.ifrs.org\/Pages\/default.aspx Compagnie Nationale des Commissaires aux Comptes :\u00a0https:\/\/www.cncc.fr\/ Conseil sup\u00e9rieur des experts comptables :\u00a0https:\/\/www.experts-comptables.fr\/ Commission europ\u00e9enne, supervision financi\u00e8re :\u00a0https:\/\/ec.europa.eu\/finance\/general-policy\/committees\/index_fr.htm Banque Centrale europ\u00e9enne :\u00a0https:\/\/www.ecb.europa.eu\/ecb\/html\/index.fr.html Revue Banque\u00a0:\u00a0https:\/\/www.revue-banque.fr\/ F\u00e9d\u00e9ration Bancaire Fran\u00e7aise : http:\/\/fbf.fr\/<\/p>\n","protected":false},"author":3,"featured_media":0,"parent":0,"menu_order":0,"comment_status":"closed","ping_status":"closed","template":"","meta":[],"_links":{"self":[{"href":"https:\/\/adicef.com\/index.php?rest_route=\/wp\/v2\/pages\/217"}],"collection":[{"href":"https:\/\/adicef.com\/index.php?rest_route=\/wp\/v2\/pages"}],"about":[{"href":"https:\/\/adicef.com\/index.php?rest_route=\/wp\/v2\/types\/page"}],"author":[{"embeddable":true,"href":"https:\/\/adicef.com\/index.php?rest_route=\/wp\/v2\/users\/3"}],"replies":[{"embeddable":true,"href":"https:\/\/adicef.com\/index.php?rest_route=%2Fwp%2Fv2%2Fcomments&post=217"}],"version-history":[{"count":4,"href":"https:\/\/adicef.com\/index.php?rest_route=\/wp\/v2\/pages\/217\/revisions"}],"predecessor-version":[{"id":507,"href":"https:\/\/adicef.com\/index.php?rest_route=\/wp\/v2\/pages\/217\/revisions\/507"}],"wp:attachment":[{"href":"https:\/\/adicef.com\/index.php?rest_route=%2Fwp%2Fv2%2Fmedia&parent=217"}],"curies":[{"name":"wp","href":"https:\/\/api.w.org\/{rel}","templated":true}]}}