{"id":219,"date":"2020-11-05T15:18:34","date_gmt":"2020-11-05T14:18:34","guid":{"rendered":"http:\/\/adicef.com\/?page_id=219"},"modified":"2020-12-19T16:10:15","modified_gmt":"2020-12-19T15:10:15","slug":"formation-bancaire","status":"publish","type":"page","link":"https:\/\/adicef.com\/?page_id=219","title":{"rendered":"Formation bancaire"},"content":{"rendered":"\n<h2>Dipl\u00f4mes d&#8217;expertises en comptabilit\u00e9 et contr\u00f4le bancaire<\/h2>\n\n\n\n<p>Certificat d&#8217;expertise en comptabilit\u00e9 bancaire : CNAM\/ADICEF diffus\u00e9 par l&#8217;AFGES.&nbsp;&nbsp;<a rel=\"noreferrer noopener\" href=\"https:\/\/www.afges.com\/certificats\/certificat-dexpertise-en-comptabilite-bancaire\/\" target=\"_blank\">voir le cursus<\/a><\/p>\n\n\n\n<p>Certificat d&#8217;expertise en traitement prudentiel B\u00e2le 3 et sa finalisation\u00a0 : AFGES.\u00a0<a rel=\"noreferrer noopener\" href=\"https:\/\/www.https:\/\/www.afges.com\/certificats\/certificat-dexpertise-en-traitement-prudentiel-bale-3-et-sa-finalisation\/\" data-type=\"URL\" data-id=\"https:\/\/www.https:\/\/www.afges.com\/certificats\/certificat-dexpertise-en-traitement-prudentiel-bale-3-et-sa-finalisation\/\" target=\"_blank\">voir <\/a><a rel=\"noreferrer noopener\" href=\"https:\/\/www.afges.com\/certificats\/certificat-dexpertise-en-traitement-prudentiel-bale-3-et-sa-finalisation\/\" data-type=\"URL\" target=\"_blank\">l<\/a><a href=\"https:\/\/www.afges.com\/certificats\/certificat-dexpertise-en-traitement-prudentiel-bale-3-et-sa-finalisation\/\" data-type=\"URL\" target=\"_blank\" rel=\"noreferrer noopener\">e cursus<\/a><\/p>\n","protected":false},"excerpt":{"rendered":"<p>Dipl\u00f4mes d&#8217;expertises en comptabilit\u00e9 et contr\u00f4le bancaire Certificat d&#8217;expertise en comptabilit\u00e9 bancaire : CNAM\/ADICEF diffus\u00e9 par l&#8217;AFGES.&nbsp;&nbsp;voir le cursus Certificat d&#8217;expertise en traitement prudentiel B\u00e2le 3 et sa finalisation\u00a0 : AFGES.\u00a0voir le cursus<\/p>\n","protected":false},"author":3,"featured_media":0,"parent":0,"menu_order":0,"comment_status":"closed","ping_status":"closed","template":"","meta":[],"_links":{"self":[{"href":"https:\/\/adicef.com\/index.php?rest_route=\/wp\/v2\/pages\/219"}],"collection":[{"href":"https:\/\/adicef.com\/index.php?rest_route=\/wp\/v2\/pages"}],"about":[{"href":"https:\/\/adicef.com\/index.php?rest_route=\/wp\/v2\/types\/page"}],"author":[{"embeddable":true,"href":"https:\/\/adicef.com\/index.php?rest_route=\/wp\/v2\/users\/3"}],"replies":[{"embeddable":true,"href":"https:\/\/adicef.com\/index.php?rest_route=%2Fwp%2Fv2%2Fcomments&post=219"}],"version-history":[{"count":4,"href":"https:\/\/adicef.com\/index.php?rest_route=\/wp\/v2\/pages\/219\/revisions"}],"predecessor-version":[{"id":504,"href":"https:\/\/adicef.com\/index.php?rest_route=\/wp\/v2\/pages\/219\/revisions\/504"}],"wp:attachment":[{"href":"https:\/\/adicef.com\/index.php?rest_route=%2Fwp%2Fv2%2Fmedia&parent=219"}],"curies":[{"name":"wp","href":"https:\/\/api.w.org\/{rel}","templated":true}]}}