{"id":221,"date":"2020-11-05T15:18:34","date_gmt":"2020-11-05T14:18:34","guid":{"rendered":"http:\/\/adicef.com\/?page_id=221"},"modified":"2020-11-05T15:41:00","modified_gmt":"2020-11-05T14:41:00","slug":"sites-administratifs-generaux","status":"publish","type":"page","link":"https:\/\/adicef.com\/?page_id=221","title":{"rendered":"Sites administratifs g\u00e9n\u00e9raux"},"content":{"rendered":"\n<figure class=\"wp-block-table is-style-stripes\"><table><tbody><tr><td><\/td><td><a href=\"https:\/\/www.europa.eu.int\/\" target=\"_blank\" rel=\"noreferrer noopener\">Union Europ\u00e9enne<\/a><\/td><td><strong>Site regroupant de nombreuses informations<\/strong>&nbsp;class\u00e9es par th\u00e8mes (disponibles dans toutes les langues) :<br>Actualit\u00e9s : Derniers communiqu\u00e9s de presse et prochains \u00e9v\u00e8nements<br>Activit\u00e9s : regroupe tous les domaines par th\u00e8me politique (march\u00e9 int\u00e9rieur, politique mon\u00e9taire, fiscalit\u00e9&nbsp;\u20ac\u00a6) donnant acc\u00e8s \u00e0&nbsp; chaque fois aux sites cl\u00e9s, \u00e0&nbsp; la documentation, aux textes juridiques et \u00e0&nbsp; des synth\u00e8ses dans le domaine choisi&nbsp;!<br>Institutions : liens vers toutes les organes europ\u00e9ens tels que la BCE, parlement europ\u00e9en, les instances de publication de l&#8217;U.E&nbsp;\u20ac\u00a6<br>U.E en bref : Acc\u00e8s aux sites publics de tous les \u00e9tats membres ou en instance de le devenir, infos diverses comme les chiffres cl\u00e9s (statistiques de 2000), l&#8217;histoire regroupant les \u00e9v\u00e8nements cl\u00e9s de chaque ann\u00e9e depuis 1946, les cartes de tous les \u00e9tats membres avec possibilit\u00e9 de zoomer&nbsp;!<br>Les documents de l&#8217;U.E : sous l&#8217;onglet Eur-lex, on trouve les J.O, les trait\u00e9s, la jurisprudence de l&#8217;U.E. avec moteur de recherche tr\u00e8s pratique (<a href=\"https:\/\/www.europa.eu.int\/documents\/eur-lex\/index_fr.htm\" target=\"_blank\" rel=\"noreferrer noopener\">lien<\/a>)&nbsp;; Celex&nbsp;: un service payant pour toutes les documentations de l&#8217;U.E&nbsp;; Oeil permet de voir l&#8217;avancement des d\u00e9cisions, proc\u00e9dures en cours&nbsp;; Pre-lex renseigne sur les proc\u00e9dures interinstitutionnelles&nbsp;; jurisprudence permet une recherche des d\u00e9cisions pluridisciplinaire par moteur de recherche&nbsp;; enfin, il y a aussi toute la documentation par institution (parlement, cour des comptes&nbsp;\u20ac\u00a6) et celle commune \u00e0&nbsp; toutes les institutions.<br>Les sources d&#8217;informations : contacts, recrutement&nbsp;\u20ac\u00a6<br>&nbsp;<\/td><td><\/td><\/tr><tr><td><\/td><td><a href=\"https:\/\/www.eba.europa.eu\/\" target=\"_blank\" rel=\"noreferrer noopener\">European Banking Authority<\/a><\/td><td>Site de l&#8217;EBA, Draft des RTS, ITS, &nbsp;\u20ac\u00a6.<\/td><td><\/td><\/tr><tr><td><\/td><td><a href=\"https:\/\/www.finances.gouv.fr\/\" target=\"_blank\" rel=\"noreferrer noopener\">Minist\u00e8re des Finances<\/a><\/td><td>1.<a href=\"https:\/\/doc2.impots.gouv.fr\/aida\/Apw.fcgi?FILE=Index.html\" target=\"_blank\" rel=\"noreferrer noopener\">Documentation fiscale<\/a>&nbsp;: textes du&nbsp;<strong>Code G\u00e9n\u00e9ral des Imp\u00f4ts<\/strong>&nbsp;(avec une recherche possible par article), des avis du Conseil National de la Comptabilit\u00e9, les derni\u00e8res instructions fiscales.<br>2.<a href=\"https:\/\/www.impots.gouv.fr\/portal\/dgi\/public\/documentation;jsessionid=ZZRYQ405QWRQFQFI22UCFFOAVDT3YIV3?pageId=docu_impots&amp;espId=-1&amp;sfid=410\" target=\"_blank\" rel=\"noreferrer noopener\">Fiscalit\u00e9 fran\u00e7aise<\/a>&nbsp;: pr\u00e9sentation de la&nbsp;<strong>fiscalit\u00e9 fran\u00e7aise<\/strong>&nbsp;mise \u00e0&nbsp; jour, fiscalit\u00e9 des non-r\u00e9sidents, fiscalit\u00e9 des associations&nbsp;\u20ac\u00a6 (documents PDF)<br>3.<a href=\"https:\/\/www.impots.gouv.fr\/portal\/dgi\/public\/particuliers.impot;jsessionid=AIPFM1PUSSA2HQFI22PCFE4AVDT3YIV3?paf_dm=full&amp;paf_gm=content&amp;paf_gear_id=100006&amp;pageId=recherche_formulaire&amp;sfid=05&amp;action=criteriaImprime&amp;_DARGS=\/portal\/dgi\/public\/particuliers.impot.2\" target=\"_blank\" rel=\"noreferrer noopener\">Formulaires fiscaux<\/a>&nbsp;:&nbsp;<strong>formulaires en ligne<\/strong>&nbsp;dont toutes les d\u00e9clarations fiscales.<br>4.<a href=\"https:\/\/www.finances.gouv.fr\/minefi\/entreprise\/comptabilite\/index.htm\" target=\"_blank\" rel=\"noreferrer noopener\">Comptabilit\u00e9 des entreprises<\/a>&nbsp;:&nbsp;<strong>r\u00e9glementation<\/strong>&nbsp;(PCG,les bulletins officiel du CNC, r\u00e8glements du CRC..), information d&#8217;actualit\u00e9 (IASB), avis et recommandations, autres sources.<br>5.<a href=\"https:\/\/www.finances.gouv.fr\/minefi\/autres_minefi\/index.htm\" target=\"_blank\" rel=\"noreferrer noopener\">Euro<\/a>&nbsp;:&nbsp;<strong>cadre juridique<\/strong>, modalit\u00e9s de conversion et arrondis, la l\u00e9gislation, autres sites.<br>6.<a href=\"https:\/\/www.finances.gouv.fr\/minefi\/actualites\/index.htm\" target=\"_blank\" rel=\"noreferrer noopener\">L&#8217;actualit\u00e9<\/a>&nbsp;:&nbsp;<strong>dossiers d&#8217;actualit\u00e9 du minist\u00e8re<\/strong>&nbsp;et des directions (par exemple&nbsp;: la situation du budget de l&#8217;Etat).<br>7.<a href=\"https:\/\/www.finances.gouv.fr\/minefi\/ministere\/directions_services\/index.htm\" target=\"_blank\" rel=\"noreferrer noopener\">Le minist\u00e8re<\/a>&nbsp;: toute&nbsp;<strong>l&#8217;organisation et l&#8217;organigramme du Minist\u00e8re de l&#8217;Economie et des Finances<\/strong>.<br>&nbsp;<\/td><td><\/td><\/tr><tr><td><\/td><td><a href=\"https:\/\/www.assemblee-nat.fr\/\" target=\"_blank\" rel=\"noreferrer noopener\">Assembl\u00e9e Nationale<\/a><\/td><td><strong>Acc\u00e8s notamment aux projets de lois<\/strong>, propositions de loi, rapports, dossiers l\u00e9gislatifs ou d&#8217;actualit\u00e9 pour \u00eatre au fait des nouveaut\u00e9s (fonctionnement gr\u00e2ce \u00e0&nbsp; un moteur de recherche et un index alphab\u00e9tique). Ce site peut aussi \u00eatre utile pour d&#8217;autres informations telles que l&#8217;agenda, le fonctionnement de l&#8217;Assembl\u00e9e, le trombinoscope des d\u00e9put\u00e9s&nbsp;\u20ac\u00a6<br>&nbsp;<\/td><td><\/td><\/tr><tr><td><\/td><td><a href=\"https:\/\/www.senat.fr\/\" target=\"_blank\" rel=\"noreferrer noopener\">S\u00e9nat<\/a><\/td><td><strong>Diff\u00e9rentes rubriques<\/strong>&nbsp;: Travaux parlementaires, pr\u00e9sentation des s\u00e9nateurs, le s\u00e9nat et l&#8217;international et enfin le fonctionnement du s\u00e9nat.<br>&nbsp;<\/td><td><\/td><\/tr><tr><td><\/td><td><a href=\"https:\/\/www.legifrance.org\/\" target=\"_blank\" rel=\"noreferrer noopener\">Legifrance<\/a><\/td><td><strong>Droit &nbsp;\u20ac\u201c journal officiel<\/strong>&nbsp;&nbsp;\u20ac\u201c essentiel du droit fran\u00e7ais<br>Ce portail permet d&#8217;effectuer plusieurs recherches ( simplifi\u00e9e, avanc\u00e9e, th\u00e9matique ) sur la l\u00e9gislation fran\u00e7aise et sur l&#8217;actualit\u00e9 dans le domaine l\u00e9gislatif. Il renvoie \u00e9galement vers des sites juridiques, le Journal Officiel de la R\u00e9publique fran\u00e7aise et les bulletins officiels des ministres.<br>&nbsp;<\/td><td><\/td><\/tr><tr><td><\/td><td><a href=\"https:\/\/www.service-public.fr\/\" target=\"_blank\" rel=\"noreferrer noopener\">Service Public<\/a><\/td><td><strong>Le portail de l&#8217;administration fran\u00e7aise<\/strong>&nbsp;constitue le guide en ligne de l&#8217;administration pour le citoyen fran\u00e7ais&nbsp;:<br>Un guide pratique des droits et d\u00e9marches de l&#8217;administr\u00e9 (particulier, entreprise ou professionnel) par fiches th\u00e9matiques. Chacune des fiches pr\u00e9voit diff\u00e9rentes situations, explique les d\u00e9marches \u00e0&nbsp; entreprendre, fournit des liens pour en savoir plus et compl\u00e8te l&#8217;information par une rubrique questions-r\u00e9ponses.<br>Ensemble des formulaires administratifs en ligne.<br>Base de donn\u00e9es l\u00e9gislative reprenant l&#8217;essentiel du droit fran\u00e7ais et europ\u00e9en, ainsi que la biblioth\u00e8que des rapports publics.<br>Annuaire des sites Internet publics, locaux, nationaux et m\u00eame internationaux.<br>Enfin, le site offre la possibilit\u00e9 \u00e0&nbsp; l&#8217;utilisateur d&#8217;obtenir des r\u00e9ponses aux questions qu&#8217;il se pose, par e-mail directement ou gr\u00e2ce \u00e0&nbsp; la rubrique des question les plus fr\u00e9quemment pos\u00e9es.<br>&nbsp;<\/td><td><\/td><\/tr><tr><td><\/td><td><a href=\"https:\/\/www.journal-officiel.gouv.fr\/\" target=\"_blank\" rel=\"noreferrer noopener\">Journal Officiel<\/a><\/td><td><strong>Ce site donne acc\u00e8s aux JO officiels<\/strong>&nbsp;sur les lois et d\u00e9crets ainsi que sur les annonces l\u00e9gales (BALO, JO des associations).<br>&nbsp;<\/td><td><\/td><\/tr><tr><td><\/td><td><a href=\"https:\/\/www.juris-classeur.com\/\" target=\"_blank\" rel=\"noreferrer noopener\">JurisClasseur<\/a><\/td><td><strong>Actualit\u00e9 du droit<\/strong>&nbsp;avec des acc\u00e8s th\u00e9matiques et moteur de recherche. Les sources sont des communiqu\u00e9s des minist\u00e8res, de l&#8217;Assembl\u00e9e nationale&nbsp;\u20ac\u00a6On retrouve \u00e9galement les J.O et la jurisprudence.<br>&nbsp;<\/td><td><\/td><\/tr><tr><td><\/td><td><a href=\"https:\/\/www.insee.fr\/\" target=\"_blank\" rel=\"noreferrer noopener\">Insee<\/a><\/td><td>Sont disponibles&nbsp;<strong>les grands indicateurs du pays<\/strong>, les chiffres et statistiques de la France, enfin les publications avec possibilit\u00e9 d&#8217;abonnement.<br>&nbsp;<\/td><td><\/td><\/tr><tr><td><\/td><td><a href=\"https:\/\/www.infogreffe.fr\/\" target=\"_blank\" rel=\"noreferrer noopener\">Infogreffe<\/a><\/td><td><strong>Site donnant acc\u00e8s \u00e0&nbsp; l&#8217;information l\u00e9gale des entreprises<\/strong>&nbsp;inscrites au Registre du Commerce, telle que Kbis, endettement des entreprises, rapports annuels&nbsp;\u20ac\u00a6 Seuls les statuts et leurs \u00e9ventuelles modifications (augmentation de capital&nbsp;\u20ac\u00a6) sont gratuites (une s\u00e9lection de toutes les augmentations de capital ou autres est aussi possible), le reste est payant (extrait Kbis = 2,42&nbsp;\u201a\u00ac envoy\u00e9 par e-mail, courrier ou par t\u00e9l\u00e9chargement).<\/td><td><\/td><\/tr><\/tbody><\/table><\/figure>\n\n\n\n<p><\/p>\n","protected":false},"excerpt":{"rendered":"<p>Union Europ\u00e9enne Site regroupant de nombreuses informations&nbsp;class\u00e9es par th\u00e8mes (disponibles dans toutes les langues) :Actualit\u00e9s : Derniers communiqu\u00e9s de presse et prochains \u00e9v\u00e8nementsActivit\u00e9s : regroupe tous les domaines par th\u00e8me politique (march\u00e9 int\u00e9rieur, politique mon\u00e9taire, fiscalit\u00e9&nbsp;\u20ac\u00a6) donnant acc\u00e8s \u00e0&nbsp; chaque fois aux sites cl\u00e9s, \u00e0&nbsp; la documentation, aux textes juridiques et \u00e0&nbsp; des synth\u00e8ses dans &hellip; <\/p>\n<p class=\"link-more\"><a href=\"https:\/\/adicef.com\/?page_id=221\" class=\"more-link\">Continuer la lecture<span class=\"screen-reader-text\"> de &laquo;&nbsp;Sites administratifs g\u00e9n\u00e9raux&nbsp;&raquo;<\/span><\/a><\/p>\n","protected":false},"author":3,"featured_media":0,"parent":0,"menu_order":0,"comment_status":"closed","ping_status":"closed","template":"","meta":[],"_links":{"self":[{"href":"https:\/\/adicef.com\/index.php?rest_route=\/wp\/v2\/pages\/221"}],"collection":[{"href":"https:\/\/adicef.com\/index.php?rest_route=\/wp\/v2\/pages"}],"about":[{"href":"https:\/\/adicef.com\/index.php?rest_route=\/wp\/v2\/types\/page"}],"author":[{"embeddable":true,"href":"https:\/\/adicef.com\/index.php?rest_route=\/wp\/v2\/users\/3"}],"replies":[{"embeddable":true,"href":"https:\/\/adicef.com\/index.php?rest_route=%2Fwp%2Fv2%2Fcomments&post=221"}],"version-history":[{"count":2,"href":"https:\/\/adicef.com\/index.php?rest_route=\/wp\/v2\/pages\/221\/revisions"}],"predecessor-version":[{"id":247,"href":"https:\/\/adicef.com\/index.php?rest_route=\/wp\/v2\/pages\/221\/revisions\/247"}],"wp:attachment":[{"href":"https:\/\/adicef.com\/index.php?rest_route=%2Fwp%2Fv2%2Fmedia&parent=221"}],"curies":[{"name":"wp","href":"https:\/\/api.w.org\/{rel}","templated":true}]}}